{"id":950,"date":"2019-01-23T20:39:41","date_gmt":"2019-01-23T19:39:41","guid":{"rendered":"http:\/\/atheneejulesbara.be\/?page_id=950"},"modified":"2019-01-23T20:48:48","modified_gmt":"2019-01-23T19:48:48","slug":"troubles-de-lapprentissage","status":"publish","type":"page","link":"https:\/\/atheneejulesbara.be\/?page_id=950","title":{"rendered":"Troubles de l&rsquo;apprentissage"},"content":{"rendered":"<div data-label=\"Content\" data-id=\"content--1\" data-export-id=\"content-12\" data-category=\"content\" class=\"content-12 content-section content-section-spacing\" id=\"content-1\"  style=\"background-color: rgb(245, 250, 253);\"><div class=\"gridContainer\" > <div class=\"row text-center\" ><div class=\"section-title-col\" data-type=\"column\" > <h2 class=\"\" >Troubles de l&rsquo;apprentissage<\/h2> <p class=\"lead\"  style=\"text-align: justify;\">Chaque \u00e9l\u00e8ve avec ses capacit\u00e9s et ses difficult\u00e9s trouve sa place chez nous. Dans le cadre de notre projet d\u2019\u00e9tablissement \u00ab Conduire chacun vers sa propre Excellence \u00bb, la direction et l\u2019\u00e9quipe p\u00e9dagogique mettent tout en \u0153uvre pour que les \u00e9l\u00e8ves puissent exploiter au maximum leurs possibilit\u00e9s.\n<br >A cette fin, les \u00e9tudiants pr\u00e9sentant des troubles d\u2019apprentissage (DYS, TDAH\u2026 ) et les \u00e9tudiants \u00e0 haut potentiel (HP) sont pris en charge par une logop\u00e8de qui collabore avec les professeurs, les parents et proposent des plans individuels d\u2019am\u00e9nagements<\/p><\/div> <\/div> <div class=\"row center-xs middle-xs\" > <div class=\"col-sm-9\" data-type=\"column\" > <img decoding=\"async\" class=\"shadow-large\" src=\"https:\/\/atheneejulesbara.be\/wp-content\/uploads\/2019\/01\/cropped-dyslexie-1.jpg\"  alt=\"\" title=\"cropped-dyslexie-1.jpg\"><\/div> <\/div><\/div> <\/div>","protected":false},"excerpt":{"rendered":"<p>Troubles de l&rsquo;apprentissage Chaque \u00e9l\u00e8ve avec ses capacit\u00e9s et ses difficult\u00e9s trouve sa place chez nous. Dans le cadre de notre projet d\u2019\u00e9tablissement \u00ab Conduire chacun vers sa propre Excellence \u00bb, la direction et l\u2019\u00e9quipe p\u00e9dagogique mettent tout en \u0153uvre pour que les \u00e9l\u00e8ves puissent exploiter au maximum leurs possibilit\u00e9s. A cette fin, les \u00e9tudiants&hellip; <br \/> <a class=\"read-more\" href=\"https:\/\/atheneejulesbara.be\/?page_id=950\">Lire la suite<\/a><\/p>\n","protected":false},"author":1,"featured_media":0,"parent":194,"menu_order":0,"comment_status":"closed","ping_status":"closed","template":"pro\/page-templates\/full-width-page.php","meta":{"footnotes":""},"_links":{"self":[{"href":"https:\/\/atheneejulesbara.be\/index.php?rest_route=\/wp\/v2\/pages\/950"}],"collection":[{"href":"https:\/\/atheneejulesbara.be\/index.php?rest_route=\/wp\/v2\/pages"}],"about":[{"href":"https:\/\/atheneejulesbara.be\/index.php?rest_route=\/wp\/v2\/types\/page"}],"author":[{"embeddable":true,"href":"https:\/\/atheneejulesbara.be\/index.php?rest_route=\/wp\/v2\/users\/1"}],"replies":[{"embeddable":true,"href":"https:\/\/atheneejulesbara.be\/index.php?rest_route=%2Fwp%2Fv2%2Fcomments&post=950"}],"version-history":[{"count":3,"href":"https:\/\/atheneejulesbara.be\/index.php?rest_route=\/wp\/v2\/pages\/950\/revisions"}],"predecessor-version":[{"id":956,"href":"https:\/\/atheneejulesbara.be\/index.php?rest_route=\/wp\/v2\/pages\/950\/revisions\/956"}],"up":[{"embeddable":true,"href":"https:\/\/atheneejulesbara.be\/index.php?rest_route=\/wp\/v2\/pages\/194"}],"wp:attachment":[{"href":"https:\/\/atheneejulesbara.be\/index.php?rest_route=%2Fwp%2Fv2%2Fmedia&parent=950"}],"curies":[{"name":"wp","href":"https:\/\/api.w.org\/{rel}","templated":true}]}}