{"id":4308,"date":"2023-09-19T10:44:10","date_gmt":"2023-09-19T08:44:10","guid":{"rendered":"https:\/\/atheneejulesbara.be\/?page_id=4308"},"modified":"2026-03-03T14:47:03","modified_gmt":"2026-03-03T13:47:03","slug":"daspa-2","status":"publish","type":"page","link":"https:\/\/atheneejulesbara.be\/?page_id=4308","title":{"rendered":"DASPA"},"content":{"rendered":"<div  data-label=\"Content\" data-id=\"content--1\" data-export-id=\"content-12\" data-category=\"content\" class=\"content-12 content-section content-section-spacing\" id=\"content-1\" style=\"background-color: rgb(255, 255, 255);\"><div  class=\"gridContainer\"> <div  class=\"row text-center\"><div  class=\"section-title-col\" data-type=\"column\"> <h2  class=\"\">PRIMO-ARRIVANTS, DASPA (CLASSES PASSERELLES) \u2013 INFOS ESSENTIELLES<\/h2> <p  class=\"lead\">Objectif du dispositif<br >\nLe d\u00e9cret du 18 mai 2012 visant \u00e0 la mise en place d\u2019un dispositif d\u2019accueil et de scolarisation des \u00e9l\u00e8ves primo-arrivants dans l\u2019enseignement organis\u00e9 ou subventionn\u00e9 par la Communaut\u00e9 fran\u00e7aise \u2013 MB du 22-06-2012) poursuit les objectifs suivants :<br >\nassurer l\u2019accueil, l\u2019orientation et l\u2019insertion optimale des \u00e9l\u00e8ves primo-arrivants dans le syst\u00e8me \u00e9ducatif de la Communaut\u00e9 fran\u00e7aise; proposer un accompagnement scolaire et p\u00e9dagogique adapt\u00e9 aux profils d\u2019apprentissage des \u00e9l\u00e8ves primo-arrivants, notamment les difficult\u00e9s li\u00e9es \u00e0 la langue de scolarisation et \u00e0 la culture scolaire; proposer une \u00e9tape de scolarisation interm\u00e9diaire et d\u2019une dur\u00e9e limit\u00e9e, conform\u00e9ment \u00e0 l\u2019article 9 du d\u00e9cret, avant la scolarisation dans une classe de niveau.<br >\nCertaines \u00e9coles accueillent un grand nombre d\u2019\u00e9l\u00e8ves originaires de pays \u00e9trangers qui se retrouvent sans bagage scolaire ni connaissance de la langue fran\u00e7aise au sein d\u2019un syst\u00e8me \u00e9ducatif qu\u2019ils ne connaissent pas. Ces \u00e9l\u00e8ves ont besoin d\u2019un soutien cibl\u00e9 afin de leur assurer, comme aux autres \u00e9l\u00e8ves, des chances d\u2019\u00e9mancipation par l\u2019\u00e9ducation.<br >\nLien vers le d\u00e9cret : http:\/\/www.gallilex.cfwb.be\/fr\/leg_res_01.php?ncda=37785&amp;referant=l02&amp;bck_ncda=5108&amp;bck_referant=l00<br >\nLes \u00e9l\u00e8ves primo-arrivants sont alors accueillis dans des DASPA durant une p\u00e9riode variant d\u2019une semaine \u00e0 12 mois, avec un maximum de 18 mois.<br >\nD\u00e9finition de l\u2019\u00e9l\u00e8ve \u00ab primo-arrivant \u00bb<br >\nEst primo-arrivant l\u2019\u00e9l\u00e8ve qui r\u00e9unit, au moment de son inscription dans un \u00e9tablissement d\u2019enseignement ordinaire, primaire ou secondaire, organis\u00e9 ou subventionn\u00e9 par la Communaut\u00e9 fran\u00e7aise, toutes les conditions suivantes :<br >\n\u00eatre \u00e2g\u00e9 de 2 ans et demi au moins et de moins de 18 ans; soit avoir introduit une demande de reconnaissance de la qualit\u00e9 de r\u00e9fugi\u00e9 ou s\u2019\u00eatre vu reconna\u00eetre la qualit\u00e9 de r\u00e9fugi\u00e9 conform\u00e9ment \u00e0 la loi du 15 d\u00e9cembre 1980 sur l\u2019acc\u00e8s au territoire, le s\u00e9jour, l\u2019\u00e9tablissement et l\u2019\u00e9loignement des \u00e9trangers; soit \u00eatre mineur accompagnant une personne ayant introduit une demande de reconnaissance de la qualit\u00e9 de r\u00e9fugi\u00e9 ou s\u2019\u00e9tant vu reconna\u00eetre la qualit\u00e9 de r\u00e9fugi\u00e9 conform\u00e9ment \u00e0 la loi du 15 d\u00e9cembre 1980 sur l\u2019acc\u00e8s au territoire, le s\u00e9jour, l\u2019\u00e9tablissement et l\u2019\u00e9loignement des \u00e9trangers; soit \u00eatre ressortissant d\u2019un pays b\u00e9n\u00e9ficiaire de l\u2019aide au d\u00e9veloppement du Comit\u00e9 d\u2019aide au d\u00e9veloppement de l\u2019Organisation de coop\u00e9ration et de d\u00e9veloppement \u00e9conomique; soit \u00eatre reconnu comme apatride; \u00eatre arriv\u00e9 sur le territoire national depuis moins d\u2019un an.<\/p><\/div> <\/div> <div  class=\"row center-xs middle-xs\"> <div  class=\"col-sm-9\" data-type=\"column\"><img decoding=\"async\"  class=\"custom-image\" src=\"https:\/\/atheneejulesbara.be\/wp-content\/uploads\/2026\/03\/cropped-cropped-Daspa.pdf-1.jpg\" title=\"cropped-cropped-Daspa.pdf-1.jpg\" alt=\"\"> <\/div> <\/div><\/div> <\/div><!-- Created with Elementor -->","protected":false},"excerpt":{"rendered":"<p>PRIMO-ARRIVANTS, DASPA (CLASSES PASSERELLES) \u2013 INFOS ESSENTIELLES Objectif du dispositif Le d\u00e9cret du 18 mai 2012 visant \u00e0 la mise en place d\u2019un dispositif d\u2019accueil et de scolarisation des \u00e9l\u00e8ves primo-arrivants dans l\u2019enseignement organis\u00e9 ou subventionn\u00e9 par la Communaut\u00e9 fran\u00e7aise \u2013 MB du 22-06-2012) poursuit les objectifs suivants : assurer l\u2019accueil, l\u2019orientation et l\u2019insertion optimale&hellip; <br \/> <a class=\"read-more\" href=\"https:\/\/atheneejulesbara.be\/?page_id=4308\">Lire la suite<\/a><\/p>\n","protected":false},"author":1,"featured_media":0,"parent":0,"menu_order":0,"comment_status":"closed","ping_status":"closed","template":"pro\/page-templates\/full-width-page.php","meta":{"footnotes":""},"_links":{"self":[{"href":"https:\/\/atheneejulesbara.be\/index.php?rest_route=\/wp\/v2\/pages\/4308"}],"collection":[{"href":"https:\/\/atheneejulesbara.be\/index.php?rest_route=\/wp\/v2\/pages"}],"about":[{"href":"https:\/\/atheneejulesbara.be\/index.php?rest_route=\/wp\/v2\/types\/page"}],"author":[{"embeddable":true,"href":"https:\/\/atheneejulesbara.be\/index.php?rest_route=\/wp\/v2\/users\/1"}],"replies":[{"embeddable":true,"href":"https:\/\/atheneejulesbara.be\/index.php?rest_route=%2Fwp%2Fv2%2Fcomments&post=4308"}],"version-history":[{"count":9,"href":"https:\/\/atheneejulesbara.be\/index.php?rest_route=\/wp\/v2\/pages\/4308\/revisions"}],"predecessor-version":[{"id":5724,"href":"https:\/\/atheneejulesbara.be\/index.php?rest_route=\/wp\/v2\/pages\/4308\/revisions\/5724"}],"wp:attachment":[{"href":"https:\/\/atheneejulesbara.be\/index.php?rest_route=%2Fwp%2Fv2%2Fmedia&parent=4308"}],"curies":[{"name":"wp","href":"https:\/\/api.w.org\/{rel}","templated":true}]}}