{"id":4258,"date":"2023-09-15T11:40:21","date_gmt":"2023-09-15T09:40:21","guid":{"rendered":"https:\/\/atheneejulesbara.be\/?page_id=4258"},"modified":"2024-09-10T07:56:16","modified_gmt":"2024-09-10T05:56:16","slug":"educateam","status":"publish","type":"page","link":"https:\/\/atheneejulesbara.be\/?page_id=4258","title":{"rendered":"EducaTeam"},"content":{"rendered":"<div  data-label=\"Content\" data-id=\"content--1\" data-export-id=\"content-7\" data-category=\"content\" class=\"content-7 content-section content-section-spacing\" id=\"content-1\" style=\"background-color: rgb(255, 255, 255);\"><div  class=\"gridContainer\"> <div  class=\"row middle-sm\"><div  class=\"col-sm-6 space-bottom-xs\" data-type=\"column\"> <h2  class=\"\">Educateam, le soutien scolaire<\/h2> <p  class=\"\"><span  style=\"color: rgb(73, 73, 73);\">L\u2019Ath\u00e9n\u00e9e Jules Bara et EducaTeam s\u2019unissent pour offrir un soutien scolaire exceptionnel. Ensemble, nous visons \u00e0 inspirer et \u00e0 accompagner nos \u00e9tudiants vers la r\u00e9ussite acad\u00e9mique. Cette collaboration promet une exp\u00e9rience \u00e9ducative enrichissante, avec un engagement ferme envers l\u2019excellence et le d\u00e9veloppement personnel de chaque \u00e9l\u00e8ve. Rejoignez-nous pour cr\u00e9er un avenir brillant dans le monde de l\u2019\u00e9ducation !<\/span><\/p> <a class=\"button color1\" href=\"https:\/\/educateam.be\" target=\"_blank\" data-cp-link=\"1\" data-icon=\"\" rel=\"noopener\">Vers EDUCATEAM<\/a><\/div> <div  class=\"col-sm-6\" data-type=\"column\"> <a data-cp-link=\"1\" href=\"#\" class=\"\" target=\"_self\" rel=\"noopener\"><img decoding=\"async\"  class=\"shadow-large\" src=\"https:\/\/atheneejulesbara.be\/wp-content\/uploads\/2024\/09\/Forfaits-2024-2025.png\"><\/a><\/div> <\/div><\/div> <\/div>","protected":false},"excerpt":{"rendered":"<p>Educateam, le soutien scolaire L\u2019Ath\u00e9n\u00e9e Jules Bara et EducaTeam s\u2019unissent pour offrir un soutien scolaire exceptionnel. Ensemble, nous visons \u00e0 inspirer et \u00e0 accompagner nos \u00e9tudiants vers la r\u00e9ussite acad\u00e9mique. Cette collaboration promet une exp\u00e9rience \u00e9ducative enrichissante, avec un engagement ferme envers l\u2019excellence et le d\u00e9veloppement personnel de chaque \u00e9l\u00e8ve. Rejoignez-nous pour cr\u00e9er un avenir&hellip; <br \/> <a class=\"read-more\" href=\"https:\/\/atheneejulesbara.be\/?page_id=4258\">Lire la suite<\/a><\/p>\n","protected":false},"author":1,"featured_media":0,"parent":0,"menu_order":0,"comment_status":"closed","ping_status":"closed","template":"pro\/page-templates\/full-width-page.php","meta":{"footnotes":""},"_links":{"self":[{"href":"https:\/\/atheneejulesbara.be\/index.php?rest_route=\/wp\/v2\/pages\/4258"}],"collection":[{"href":"https:\/\/atheneejulesbara.be\/index.php?rest_route=\/wp\/v2\/pages"}],"about":[{"href":"https:\/\/atheneejulesbara.be\/index.php?rest_route=\/wp\/v2\/types\/page"}],"author":[{"embeddable":true,"href":"https:\/\/atheneejulesbara.be\/index.php?rest_route=\/wp\/v2\/users\/1"}],"replies":[{"embeddable":true,"href":"https:\/\/atheneejulesbara.be\/index.php?rest_route=%2Fwp%2Fv2%2Fcomments&post=4258"}],"version-history":[{"count":4,"href":"https:\/\/atheneejulesbara.be\/index.php?rest_route=\/wp\/v2\/pages\/4258\/revisions"}],"predecessor-version":[{"id":5073,"href":"https:\/\/atheneejulesbara.be\/index.php?rest_route=\/wp\/v2\/pages\/4258\/revisions\/5073"}],"wp:attachment":[{"href":"https:\/\/atheneejulesbara.be\/index.php?rest_route=%2Fwp%2Fv2%2Fmedia&parent=4258"}],"curies":[{"name":"wp","href":"https:\/\/api.w.org\/{rel}","templated":true}]}}