{"id":31,"date":"2018-11-12T12:28:29","date_gmt":"2018-11-12T11:28:29","guid":{"rendered":"http:\/\/atheneejwx.cluster021.hosting.ovh.net\/?page_id=31"},"modified":"2026-01-07T09:00:01","modified_gmt":"2026-01-07T08:00:01","slug":"contact","status":"publish","type":"page","link":"https:\/\/atheneejulesbara.be\/?page_id=31","title":{"rendered":"Contact"},"content":{"rendered":"\t\t<div data-elementor-type=\"wp-page\" data-elementor-id=\"31\" class=\"elementor elementor-31\" data-elementor-post-type=\"page\">\n\t\t\t\t\t\t<section class=\"elementor-section elementor-top-section elementor-element elementor-element-7b4caa94 elementor-section-boxed elementor-section-height-default elementor-section-height-default\" data-id=\"7b4caa94\" data-element_type=\"section\">\n\t\t\t\t\t\t<div class=\"elementor-container elementor-column-gap-default\">\n\t\t\t\t\t<div class=\"elementor-column elementor-col-100 elementor-top-column elementor-element elementor-element-7fc5126\" data-id=\"7fc5126\" data-element_type=\"column\">\n\t\t\t<div class=\"elementor-widget-wrap elementor-element-populated\">\n\t\t\t\t\t\t<div class=\"elementor-element elementor-element-24678974 elementor-widget elementor-widget-text-editor\" data-id=\"24678974\" data-element_type=\"widget\" data-widget_type=\"text-editor.default\">\n\t\t\t\t<div class=\"elementor-widget-container\">\n\t\t\t\t\t\t\t<div data-label=\"Overlappable\" data-id=\"overlappable--1\" data-export-id=\"overlappable-4\" data-category=\"overlappable\" class=\"overlappable-4 content-section content-section-spacing\" data-overlap=\"true\" id=\"overlappable-1\" style=\"background-color: rgb(255, 255, 255);\">\n<div class=\"gridContainer\">\n<div data-type=\"row\" class=\"row spaced-cols text-center\">\n<div class=\"col-xs-12 col-sm-4 col-padding\">\n<div data-type=\"column\" class=\"\">\n<h5 class=\"\">DIRECTION<\/h5>\n<p class=\"\"><b>Leandro Anzaldi<\/b><br><span style=\"font-weight: 700;\">Tel:<\/span> 069\/89.06.00<br>direction@atheneejulesbara.be<\/p>\n<h5 class=\"\">DIRECTION ADJOINTE<\/h5>\n<p class=\"\"><span style=\"font-weight: 700;\">Albano D\u2019Arcangelo<\/span><br><span style=\"font-weight: 700;\">Tel<\/span>: 069\/89.06.08<br>Directionadjointe@atheneejulesbara.be<\/p>\n<\/div>\n<\/div>\n<div class=\"col-xs-12 col-sm-4 col-padding\">\n<div data-type=\"column\" class=\"\">\n<h5 class=\"\">SECR\u00c9TARIAT DE DIRECTION<\/h5>\n<p class=\"\"><span style=\"font-weight: 700;\">Yasmina Bouvry<\/span><br><br><span style=\"font-weight: 700;\">Tel:<\/span> 069\/89.06.02<br>Bouvry.y@atheneejulesbara.be<\/p>\n<h5 class=\"\">SECR\u00c9TARIAT \u00c9L\u00c8VES<\/h5>\n<p class=\"\"><span style=\"font-weight: 700;\">Doroth\u00e9e Lecomte<\/span><br><br><span style=\"font-weight: 700;\">Tel:<\/span> 069\/89.06.03<br>Lecomte.d@atheneejulesbara.be<\/p>\n<\/div>\n<\/div>\n<div class=\"col-xs-12 col-sm-4 col-padding\">\n<div data-type=\"column\" class=\"\">\n<h5 class=\"\">COMPTABILIT\u00c9<\/h5>\n<p class=\"\"><span style=\"font-weight: 700;\">Isabelle Debray<\/span><br><span style=\"font-weight: 700;\">Tel:<\/span> 069\/89.06.04<br>Debray.i@atheneejulesbara.be<\/p>\n<p class=\"\"><span style=\"font-weight: 700;\">Alexandra Daminet<\/span> (Assistante comptable)<br><span style=\"font-weight: 700;\">Tel:<\/span> 069\/89.06.09<br>Daminet.a@atheneejulesbara.be<\/p>\n<\/div>\n<\/div>\n<\/div>\n<\/div>\n<\/div>\n<div><\/div>\n<div data-label=\"Formulaire\" data-id=\"contact--2\" data-export-id=\"contact-1\" data-category=\"contact\" class=\"contact-1 content-section content-section-spacing white-text\" data-parallax-depth=\"20\" id=\"formulaire\" style=\"background-color: rgb(255, 255, 255); background-image: none; background-size: cover; background-position: top;\" data-section-ov=\"1\">\n<div class=\"gridContainer\">\n<div class=\"row text-center\">\n<div class=\"section-title-col\" data-type=\"column\">\n<h2 class=\"\"><span style=\"color: rgb(76, 76, 76);\">FORMULAIRE DE CONTACT<\/span><\/h2>\n<\/div>\n<\/div>\n<div class=\"row text-center\">\n<div class=\"col-xs-12 col-sm-8 col-sm-offset-2 contact-form-wrapper inline-info\">\n<div class=\"card large-padding\">\n<div class=\"\" data-content-shortcode=\"mesmerize_contact_form shortcode=&quot;contact-form-7 id=&amp;amp;quot;36&amp;amp;quot; title=&amp;amp;quot;Formulaire de contact 1&amp;amp;quot;&quot;\" data-editable=\"true\">\n<div class=\"wpcf7 no-js\" id=\"wpcf7-f36-o1\" lang=\"fr-FR\" dir=\"ltr\">\n<div class=\"screen-reader-response\"><p role=\"status\" aria-live=\"polite\" aria-atomic=\"true\"><\/p> <ul><\/ul><\/div>\n<form action=\"\/index.php?rest_route=%2Fwp%2Fv2%2Fpages%2F31#wpcf7-f36-o1\" method=\"post\" class=\"wpcf7-form init\" aria-label=\"Formulaire de contact\" novalidate=\"novalidate\" data-status=\"init\">\n<div style=\"display: none;\">\n<input type=\"hidden\" name=\"_wpcf7\" value=\"36\" \/>\n<input type=\"hidden\" name=\"_wpcf7_version\" value=\"5.8\" \/>\n<input type=\"hidden\" name=\"_wpcf7_locale\" value=\"fr_FR\" \/>\n<input type=\"hidden\" name=\"_wpcf7_unit_tag\" value=\"wpcf7-f36-o1\" \/>\n<input type=\"hidden\" name=\"_wpcf7_container_post\" value=\"0\" \/>\n<input type=\"hidden\" name=\"_wpcf7_posted_data_hash\" value=\"\" \/>\n<\/div>\n<p><label> Votre nom (obligatoire)<br \/>\n<span class=\"wpcf7-form-control-wrap\" data-name=\"your-name\"><input size=\"40\" class=\"wpcf7-form-control wpcf7-text wpcf7-validates-as-required\" aria-required=\"true\" aria-invalid=\"false\" value=\"\" type=\"text\" name=\"your-name\" \/><\/span> <\/label>\n<\/p>\n<p><label> Votre E-mail (obligatoire)<br \/>\n<span class=\"wpcf7-form-control-wrap\" data-name=\"your-email\"><input size=\"40\" class=\"wpcf7-form-control wpcf7-email wpcf7-validates-as-required wpcf7-text wpcf7-validates-as-email\" aria-required=\"true\" aria-invalid=\"false\" value=\"\" type=\"email\" name=\"your-email\" \/><\/span> <\/label>\n<\/p>\n<p><label> Objet<br \/>\n<span class=\"wpcf7-form-control-wrap\" data-name=\"your-subject\"><input size=\"40\" class=\"wpcf7-form-control wpcf7-text\" aria-invalid=\"false\" value=\"\" type=\"text\" name=\"your-subject\" \/><\/span> <\/label>\n<\/p>\n<p><label> Votre message<br \/>\n<span class=\"wpcf7-form-control-wrap\" data-name=\"your-message\"><textarea cols=\"40\" rows=\"10\" class=\"wpcf7-form-control wpcf7-textarea\" aria-invalid=\"false\" name=\"your-message\"><\/textarea><\/span> <\/label>\n<\/p>\n<p><input class=\"wpcf7-form-control wpcf7-submit has-spinner\" type=\"submit\" value=\"Envoyer\" \/>\n<\/p><p style=\"display: none !important;\"><label>&#916;<textarea name=\"_wpcf7_ak_hp_textarea\" cols=\"45\" rows=\"8\" maxlength=\"100\"><\/textarea><\/label><input type=\"hidden\" id=\"ak_js_1\" name=\"_wpcf7_ak_js\" value=\"31\"\/><script>document.getElementById( \"ak_js_1\" ).setAttribute( \"value\", ( new Date() ).getTime() );<\/script><\/p><div class=\"wpcf7-response-output\" aria-hidden=\"true\"><\/div>\n<\/form>\n<\/div>\n<\/div>\n<\/div>\n<\/div>\n<\/div>\n<\/div>\n<\/div>\t\t\t\t\t\t<\/div>\n\t\t\t\t<\/div>\n\t\t\t\t\t<\/div>\n\t\t<\/div>\n\t\t\t\t\t<\/div>\n\t\t<\/section>\n\t\t\t\t<\/div>\n\t\t","protected":false},"excerpt":{"rendered":"<p>DIRECTION Leandro AnzaldiTel: 069\/89.06.00direction@atheneejulesbara.be DIRECTION ADJOINTE Albano D\u2019ArcangeloTel: 069\/89.06.08Directionadjointe@atheneejulesbara.be SECR\u00c9TARIAT DE DIRECTION Yasmina BouvryTel: 069\/89.06.02Bouvry.y@atheneejulesbara.be SECR\u00c9TARIAT \u00c9L\u00c8VES Doroth\u00e9e LecomteTel: 069\/89.06.03Lecomte.d@atheneejulesbara.be COMPTABILIT\u00c9 Isabelle DebrayTel: 069\/89.06.04Debray.i@atheneejulesbara.be Alexandra Daminet (Assistante comptable)Tel: 069\/89.06.09Daminet.a@atheneejulesbara.be FORMULAIRE DE CONTACT<\/p>\n","protected":false},"author":1,"featured_media":0,"parent":0,"menu_order":0,"comment_status":"closed","ping_status":"closed","template":"","meta":{"footnotes":""},"_links":{"self":[{"href":"https:\/\/atheneejulesbara.be\/index.php?rest_route=\/wp\/v2\/pages\/31"}],"collection":[{"href":"https:\/\/atheneejulesbara.be\/index.php?rest_route=\/wp\/v2\/pages"}],"about":[{"href":"https:\/\/atheneejulesbara.be\/index.php?rest_route=\/wp\/v2\/types\/page"}],"author":[{"embeddable":true,"href":"https:\/\/atheneejulesbara.be\/index.php?rest_route=\/wp\/v2\/users\/1"}],"replies":[{"embeddable":true,"href":"https:\/\/atheneejulesbara.be\/index.php?rest_route=%2Fwp%2Fv2%2Fcomments&post=31"}],"version-history":[{"count":29,"href":"https:\/\/atheneejulesbara.be\/index.php?rest_route=\/wp\/v2\/pages\/31\/revisions"}],"predecessor-version":[{"id":5589,"href":"https:\/\/atheneejulesbara.be\/index.php?rest_route=\/wp\/v2\/pages\/31\/revisions\/5589"}],"wp:attachment":[{"href":"https:\/\/atheneejulesbara.be\/index.php?rest_route=%2Fwp%2Fv2%2Fmedia&parent=31"}],"curies":[{"name":"wp","href":"https:\/\/api.w.org\/{rel}","templated":true}]}}