{"id":2681,"date":"2020-04-29T12:18:54","date_gmt":"2020-04-29T10:18:54","guid":{"rendered":"http:\/\/atheneejulesbara.be\/?page_id=2681"},"modified":"2020-04-29T17:08:28","modified_gmt":"2020-04-29T15:08:28","slug":"bara-comment-puis-je-vous-aider","status":"publish","type":"page","link":"https:\/\/atheneejulesbara.be\/?page_id=2681","title":{"rendered":"Bara, comment puis-je vous aider?"},"content":{"rendered":"<div  data-label=\"Cta\" data-id=\"cta--1\" data-export-id=\"cta-blue-section\" data-category=\"cta\" class=\"cta-blue-section content-section content-section-spacing-medium bg-color1\" id=\"cta-1\" style=\"background-image: none; background-color: rgb(36, 32, 32);\"><div  class=\"gridContainer\"> <div  class=\"row middle-xs\"><div  class=\"col-sm-8 space-bottom-xs\" data-type=\"column\">  <h3  class=\"\"><span  style=\"font-weight: 900; color: rgb(255, 152, 0);\">Bara,<\/span> <span  style=\"font-weight: 300; color: rgb(3, 169, 244);\">Comment puis-je vous aider?<\/span><\/h3><p  class=\"\" style=\"text-align: justify;\"><span  style=\"font-weight: 400; color: rgb(255, 255, 255);\">Ce formulaire est un canal de communication avec la plateforme Bara\u2026solidaire. Il s\u2019agit d\u2019un groupe de parents volontaires et engag\u00e9s. Ils seront ravis de r\u00e9pondre \u00e0 vos besoins, dans la mesure du possible. Ce service est r\u00e9serv\u00e9 aux \u00e9l\u00e8ves de Bara, toutes les informations re\u00e7u via ce formulaire restent confidentielles.<\/span><\/p><\/div> <div  class=\"col-sm-4 end-sm\" data-type=\"column\"><img decoding=\"async\"  class=\"custom-image\" src=\"https:\/\/atheneejulesbara.be\/wp-content\/uploads\/2020\/04\/cropped-help-2478193_640.jpg\" alt=\"\" title=\"cropped-help-2478193_640.jpg\"> <\/div> <\/div><\/div> <\/div><div  data-label=\"Content\" data-id=\"content--1\" data-export-id=\"content-19\" data-category=\"content\" class=\"content-19 content-section content-section-spacing white-text\" id=\"content-1\" style=\"background-size: cover; background-position: center top; background-image: none; background-color: rgb(36, 32, 32);\"><div  class=\"\"> <div  class=\"row\"><div  data-type=\"column\" class=\"col-sm-6 content-col text-center content-section-spacing shadow\"><div  data-editable=\"true\" data-name=\"ope-custom-content-shortcode\" data-content-shortcode=\"contact-form-7 id=&quot;2688&quot; title=&quot;Bara... Comment puis je vous aider?&quot;\" class=\"\">\n<div class=\"wpcf7 no-js\" id=\"wpcf7-f2688-o1\" lang=\"fr-FR\" dir=\"ltr\">\n<div class=\"screen-reader-response\"><p role=\"status\" aria-live=\"polite\" aria-atomic=\"true\"><\/p> <ul><\/ul><\/div>\n<form action=\"\/index.php?rest_route=%2Fwp%2Fv2%2Fpages%2F2681#wpcf7-f2688-o1\" method=\"post\" class=\"wpcf7-form init\" aria-label=\"Formulaire de contact\" novalidate=\"novalidate\" data-status=\"init\">\n<div style=\"display: none;\">\n<input type=\"hidden\" name=\"_wpcf7\" value=\"2688\" \/>\n<input type=\"hidden\" name=\"_wpcf7_version\" value=\"5.8\" \/>\n<input type=\"hidden\" name=\"_wpcf7_locale\" value=\"fr_FR\" \/>\n<input type=\"hidden\" name=\"_wpcf7_unit_tag\" value=\"wpcf7-f2688-o1\" \/>\n<input type=\"hidden\" name=\"_wpcf7_container_post\" value=\"0\" \/>\n<input type=\"hidden\" name=\"_wpcf7_posted_data_hash\" value=\"\" \/>\n<\/div>\n<p><label> Votre nom (obligatoire)<br \/>\n<span class=\"wpcf7-form-control-wrap\" data-name=\"your-name\"><input size=\"40\" class=\"wpcf7-form-control wpcf7-text wpcf7-validates-as-required\" aria-required=\"true\" aria-invalid=\"false\" value=\"\" type=\"text\" name=\"your-name\" \/><\/span> <\/label>\n<\/p>\n<p><label> Votre Email (obligatoire)<br \/>\n<span class=\"wpcf7-form-control-wrap\" data-name=\"your-email\"><input size=\"40\" class=\"wpcf7-form-control wpcf7-email wpcf7-validates-as-required wpcf7-text wpcf7-validates-as-email\" aria-required=\"true\" aria-invalid=\"false\" value=\"\" type=\"email\" name=\"your-email\" \/><\/span> <\/label>\n<\/p>\n<p><label> Objet<br \/>\n<span class=\"wpcf7-form-control-wrap\" data-name=\"your-subject\"><input size=\"40\" class=\"wpcf7-form-control wpcf7-text\" aria-invalid=\"false\" value=\"\" type=\"text\" name=\"your-subject\" \/><\/span> <\/label>\n<\/p>\n<p><label> D\u00e9taillez ici dans quelle mesure pouvons-nous vous aider<br \/>\n<span class=\"wpcf7-form-control-wrap\" data-name=\"your-message\"><textarea cols=\"40\" rows=\"10\" class=\"wpcf7-form-control wpcf7-textarea\" aria-invalid=\"false\" name=\"your-message\"><\/textarea><\/span> <\/label>\n<\/p>\n<p><input class=\"wpcf7-form-control wpcf7-submit has-spinner\" type=\"submit\" value=\"Envoyer\" \/>\n<\/p><p style=\"display: none !important;\"><label>&#916;<textarea name=\"_wpcf7_ak_hp_textarea\" cols=\"45\" rows=\"8\" maxlength=\"100\"><\/textarea><\/label><input type=\"hidden\" id=\"ak_js_1\" name=\"_wpcf7_ak_js\" value=\"250\"\/><script>document.getElementById( \"ak_js_1\" ).setAttribute( \"value\", ( new Date() ).getTime() );<\/script><\/p><div class=\"wpcf7-response-output\" aria-hidden=\"true\"><\/div>\n<\/form>\n<\/div>\n<\/div>     <\/div> <div  class=\"col-sm-5 flexbox-strech center-xs middle-xs no-gutter-col\"><div  class=\"flexbox middle-xs center-xs right-img\" data-bg=\"image\" style=\"background-image: url(&quot;https:\/\/atheneejulesbara.be\/wp-content\/uploads\/2020\/04\/cropped-hands-2847508_1920-3.jpg&quot;);\"><\/div><\/div> <\/div><\/div> <\/div>","protected":false},"excerpt":{"rendered":"<p>Bara, Comment puis-je vous aider?Ce formulaire est un canal de communication avec la plateforme Bara\u2026solidaire. Il s\u2019agit d\u2019un groupe de parents volontaires et engag\u00e9s. Ils seront ravis de r\u00e9pondre \u00e0 vos besoins, dans la mesure du possible. Ce service est r\u00e9serv\u00e9 aux \u00e9l\u00e8ves de Bara, toutes les informations re\u00e7u via ce formulaire restent confidentielles.<\/p>\n","protected":false},"author":1,"featured_media":0,"parent":0,"menu_order":0,"comment_status":"closed","ping_status":"closed","template":"pro\/page-templates\/full-width-page.php","meta":{"footnotes":""},"class_list":["post-2681","page","type-page","status-publish","hentry"],"_links":{"self":[{"href":"https:\/\/atheneejulesbara.be\/index.php?rest_route=\/wp\/v2\/pages\/2681","targetHints":{"allow":["GET"]}}],"collection":[{"href":"https:\/\/atheneejulesbara.be\/index.php?rest_route=\/wp\/v2\/pages"}],"about":[{"href":"https:\/\/atheneejulesbara.be\/index.php?rest_route=\/wp\/v2\/types\/page"}],"author":[{"embeddable":true,"href":"https:\/\/atheneejulesbara.be\/index.php?rest_route=\/wp\/v2\/users\/1"}],"replies":[{"embeddable":true,"href":"https:\/\/atheneejulesbara.be\/index.php?rest_route=%2Fwp%2Fv2%2Fcomments&post=2681"}],"version-history":[{"count":11,"href":"https:\/\/atheneejulesbara.be\/index.php?rest_route=\/wp\/v2\/pages\/2681\/revisions"}],"predecessor-version":[{"id":2727,"href":"https:\/\/atheneejulesbara.be\/index.php?rest_route=\/wp\/v2\/pages\/2681\/revisions\/2727"}],"wp:attachment":[{"href":"https:\/\/atheneejulesbara.be\/index.php?rest_route=%2Fwp%2Fv2%2Fmedia&parent=2681"}],"curies":[{"name":"wp","href":"https:\/\/api.w.org\/{rel}","templated":true}]}}