{"id":243,"date":"2018-11-22T12:40:27","date_gmt":"2018-11-22T11:40:27","guid":{"rendered":"http:\/\/atheneejwx.cluster021.hosting.ovh.net\/?page_id=243"},"modified":"2019-04-04T19:33:17","modified_gmt":"2019-04-04T17:33:17","slug":"septieme-sciences-preparatoire","status":"publish","type":"page","link":"https:\/\/atheneejulesbara.be\/?page_id=243","title":{"rendered":"Septi\u00e8me sciences et maths"},"content":{"rendered":"<div data-label=\"Content\" data-id=\"content--1\" data-export-id=\"content-12\" data-category=\"content\" class=\"content-12 content-section content-section-spacing\" id=\"content-1\"  style=\"background-size: cover; background-position: center top; background-image: none; background-color: rgba(255, 255, 255, 0);\"><div class=\"gridContainer\" > <div class=\"row text-center\" ><div class=\"section-title-col\" data-type=\"column\" > <h2 class=\"\" >La Septi\u00e8me<br >\nSciences et Maths<\/h2> <p class=\"lead\" >Cette formation s\u2019adresse aux \u00e9tudiants qui d\u00e9sirent acqu\u00e9rir plus de connaissances scientifiques et math\u00e9matiques avant d\u2019entreprendre des \u00e9tudes sup\u00e9rieures pouss\u00e9es.<br >\nNos \u00e9tudiants suivent 15 heures de math, 6 heures de physique, 4 heures de chimie, 3 heures de bio, 2 heures de labo informatique et 2 heures d&rsquo;anglais scientifique<\/p><\/div> <\/div> <div class=\"row center-xs middle-xs\" > <div class=\"col-sm-9\" data-type=\"column\" > <img decoding=\"async\" class=\"shadow-large\" src=\"https:\/\/atheneejulesbara.be\/wp-content\/uploads\/2019\/04\/cropped-chemist-3014142_640.jpg\"  alt=\"\" title=\"cropped-chemist-3014142_640.jpg\"><\/div> <\/div><\/div> <\/div>","protected":false},"excerpt":{"rendered":"<p>La Septi\u00e8me Sciences et Maths Cette formation s\u2019adresse aux \u00e9tudiants qui d\u00e9sirent acqu\u00e9rir plus de connaissances scientifiques et math\u00e9matiques avant d\u2019entreprendre des \u00e9tudes sup\u00e9rieures pouss\u00e9es. Nos \u00e9tudiants suivent 15 heures de math, 6 heures de physique, 4 heures de chimie, 3 heures de bio, 2 heures de labo informatique et 2 heures d&rsquo;anglais scientifique<\/p>\n","protected":false},"author":1,"featured_media":0,"parent":0,"menu_order":0,"comment_status":"closed","ping_status":"closed","template":"pro\/page-templates\/full-width-page.php","meta":{"footnotes":""},"_links":{"self":[{"href":"https:\/\/atheneejulesbara.be\/index.php?rest_route=\/wp\/v2\/pages\/243"}],"collection":[{"href":"https:\/\/atheneejulesbara.be\/index.php?rest_route=\/wp\/v2\/pages"}],"about":[{"href":"https:\/\/atheneejulesbara.be\/index.php?rest_route=\/wp\/v2\/types\/page"}],"author":[{"embeddable":true,"href":"https:\/\/atheneejulesbara.be\/index.php?rest_route=\/wp\/v2\/users\/1"}],"replies":[{"embeddable":true,"href":"https:\/\/atheneejulesbara.be\/index.php?rest_route=%2Fwp%2Fv2%2Fcomments&post=243"}],"version-history":[{"count":5,"href":"https:\/\/atheneejulesbara.be\/index.php?rest_route=\/wp\/v2\/pages\/243\/revisions"}],"predecessor-version":[{"id":1496,"href":"https:\/\/atheneejulesbara.be\/index.php?rest_route=\/wp\/v2\/pages\/243\/revisions\/1496"}],"wp:attachment":[{"href":"https:\/\/atheneejulesbara.be\/index.php?rest_route=%2Fwp%2Fv2%2Fmedia&parent=243"}],"curies":[{"name":"wp","href":"https:\/\/api.w.org\/{rel}","templated":true}]}}