{"id":194,"date":"2018-11-13T20:54:13","date_gmt":"2018-11-13T19:54:13","guid":{"rendered":"http:\/\/atheneejwx.cluster021.hosting.ovh.net\/?page_id=194"},"modified":"2024-01-09T15:55:18","modified_gmt":"2024-01-09T14:55:18","slug":"bara-lecole","status":"publish","type":"page","link":"https:\/\/atheneejulesbara.be\/?page_id=194","title":{"rendered":"Bara&#8230; L&rsquo;\u00e9cole"},"content":{"rendered":"<div  data-label=\"Overlappable\" data-id=\"overlappable--1\" data-export-id=\"overlappable-1\" data-category=\"overlappable\" class=\"overlappable-1 content-section content-section-spacing content-relative\" data-overlap=\"true\" id=\"overlappable-1\" style=\"background-color: rgb(255, 255, 255); background-image: none;\"><div  class=\"gridContainer\"> <div  data-type=\"row\" class=\"row shadow-medium center-sm content-left-sm\"><div  data-type=\"column\" class=\"col-xs-12 col-sm-4 flexcol col-padding col-padding-small-xs bg-color2\"> <a data-cp-link=\"1\" href=\"#\" class=\"\" target=\"_self\" rel=\"noopener\"><i  class=\"fa icon fa-history large color-white\" aria-hidden=\"true\"><\/i><\/a> <h5  class=\"\"><span  style=\"color: rgb(60, 66, 79);\">Historique<\/span><\/h5> <p  class=\"\"><span  style=\"color: rgb(255, 255, 255);\">En 1995, sous la direction de Mr le Pr\u00e9fet S.Mondo, l\u2019Ath\u00e9n\u00e9e J. Bara c\u00e9l\u00e9bra avec faste son 400\u00e8me anniversaire : \u00e9v\u00e9nement peu banal car, dans une Belgique issue de 1830, il peut sembler impensable qu\u2019une \u00e9cole secondaire puisse avoir cet \u00e2ge. Et pourtant \u2026<\/span><span  id=\"_mce_caret\" data-mce-bogus=\"1\" data-mce-type=\"format-caret\"><span  style=\"color: rgb(255, 255, 255);\">\ufeff<\/span><\/span><\/p> <a class=\"button color1\" href=\"https:\/\/atheneejulesbara.be?page_id=109#https:\/\/atheneejulesbara.be\/?page_id=109\" target=\"_self\" data-cp-link=\"1\" data-icon=\"\" rel=\"noopener\">Plus d\u2019infos<\/a><\/div>   <div  data-type=\"column\" class=\"col-xs-12 col-sm-4 flexcol col-padding col-padding-small-xs bg-color7\"> <i  class=\"fa icon fa-cogs large color-black\" aria-hidden=\"true\"><\/i> <h5  class=\"\"><span  style=\"color: rgb(0, 0, 0);\">L\u2019\u00e9cole des devoirs<\/span><\/h5> <p  class=\"\"><span  style=\"color: rgb(61, 61, 61);\">Les \u00e9coles de devoirs sont des structures d\u2019accueil des enfants et de jeunes de 6 \u00e0 18 ans qui d\u00e9veloppent, en dehors des heures scolaires, un travail p\u00e9dagogique, \u00e9ducatif et culturel de soutien et d\u2019accompagnement \u00e0 la scolarit\u00e9 et \u00e0 la formation citoyenne.<\/span><\/p> <a class=\"button color1\" href=\"https:\/\/atheneejulesbara.be?page_id=130\" target=\"_self\" data-cp-link=\"1\" data-icon=\"\" rel=\"noopener\">Plus d\u2019infos<\/a><\/div><div  data-type=\"column\" class=\"col-xs-12 col-sm-4 flexcol col-padding col-padding-small-xs bg-color2\">  <i  class=\"fa icon fa-keyboard-o large color-white\" aria-hidden=\"true\"><\/i><h5  class=\"\">L\u2019\u00e9cole Num\u00e9rique<\/h5> <p  class=\"\"><span  style=\"color: rgb(255, 255, 255);\">Depuis 2011, \u00e0 l\u2019initiative de la Wallonie, les Gouvernements wallon, de la F\u00e9d\u00e9ration Wallonie-Bruxelles et de la Communaut\u00e9 germanophone ont lanc\u00e9 quatre appels \u00e0 projets \u00ab \u00c9cole num\u00e9rique \u00bb &#8230;<\/span><\/p> <a class=\"button color1\" href=\"https:\/\/atheneejulesbara.be?page_id=133\" target=\"_self\" data-cp-link=\"1\" data-icon=\"\" rel=\"noopener\">Plus d\u2019infos<\/a><\/div><div  data-type=\"column\" class=\"col-xs-12 col-sm-4 flexcol col-padding col-padding-small-xs bg-color3\"> <a data-cp-link=\"1\" href=\"#\" class=\"\" target=\"_self\" rel=\"noopener\"><i  class=\"fa icon fa-bar-chart-o large color-white\" aria-hidden=\"true\"><\/i><\/a> <h5  class=\"\"><\/h5><h5  class=\"\" style=\"margin-bottom: 16px; outline-color: rgb(204, 204, 204); outline-style: solid;\">L\u2019entreprise p\u00e9dagogique<\/h5> <p  class=\"\"><span  style=\"color: rgb(255, 255, 255);\">Deux de nos professeures de l\u2019option Sciences \u00e9conomiques, se sont lanc\u00e9es dans le d\u00e9fit de la cr\u00e9ation d\u2019une entreprise p\u00e9dagogique, il s\u2019agit de \u00ab&nbsp;C\u2019est Bi\u2019o Bara\u2026&nbsp;\u00bb. un projet qui stimulerait l\u2019esprit d\u2019entreprendre chez nos jeunes \u00e9conomistes\u2026<\/span><\/p> <a class=\"button color1\" href=\"https:\/\/atheneejulesbara.be?page_id=137\" target=\"_self\" data-cp-link=\"1\" data-icon=\"\" rel=\"noopener\">Plus d\u2019infos<\/a><\/div><\/div><\/div> <div  class=\"section-separator-bottom\">\n    <svg  xmlns=\"http:\/\/www.w3.org\/2000\/svg\" viewBox=\"0 0 2600 131.1\" preserveAspectRatio=\"none\" data-separator-name=\"opacity-tilt\" class=\"section-separator-bottom\">\n\t<path  class=\"svg-white-bg\" d=\"M0 0L2600 0 2600 69.1 0 0z\"><\/path>\n\t<path  class=\"svg-white-bg\" style=\"opacity: 0.5;\" d=\"M0 0L2600 0 2600 69.1 0 69.1z\"><\/path>\n\t<path  class=\"svg-white-bg\" style=\"opacity: 0.25;\" d=\"M2600 0L0 0 0 130.1 2600 69.1z\"><\/path>\n<\/svg>\n<\/div><\/div>","protected":false},"excerpt":{"rendered":"<p>Historique En 1995, sous la direction de Mr le Pr\u00e9fet S.Mondo, l\u2019Ath\u00e9n\u00e9e J. Bara c\u00e9l\u00e9bra avec faste son 400\u00e8me anniversaire : \u00e9v\u00e9nement peu banal car, dans une Belgique issue de 1830, il peut sembler impensable qu\u2019une \u00e9cole secondaire puisse avoir cet \u00e2ge. Et pourtant \u2026\ufeff Plus d\u2019infos L\u2019\u00e9cole des devoirs Les \u00e9coles de devoirs sont&hellip; <br \/> <a class=\"read-more\" href=\"https:\/\/atheneejulesbara.be\/?page_id=194\">Lire la suite<\/a><\/p>\n","protected":false},"author":1,"featured_media":0,"parent":0,"menu_order":0,"comment_status":"closed","ping_status":"closed","template":"pro\/page-templates\/full-width-page.php","meta":{"footnotes":""},"_links":{"self":[{"href":"https:\/\/atheneejulesbara.be\/index.php?rest_route=\/wp\/v2\/pages\/194"}],"collection":[{"href":"https:\/\/atheneejulesbara.be\/index.php?rest_route=\/wp\/v2\/pages"}],"about":[{"href":"https:\/\/atheneejulesbara.be\/index.php?rest_route=\/wp\/v2\/types\/page"}],"author":[{"embeddable":true,"href":"https:\/\/atheneejulesbara.be\/index.php?rest_route=\/wp\/v2\/users\/1"}],"replies":[{"embeddable":true,"href":"https:\/\/atheneejulesbara.be\/index.php?rest_route=%2Fwp%2Fv2%2Fcomments&post=194"}],"version-history":[{"count":9,"href":"https:\/\/atheneejulesbara.be\/index.php?rest_route=\/wp\/v2\/pages\/194\/revisions"}],"predecessor-version":[{"id":4699,"href":"https:\/\/atheneejulesbara.be\/index.php?rest_route=\/wp\/v2\/pages\/194\/revisions\/4699"}],"wp:attachment":[{"href":"https:\/\/atheneejulesbara.be\/index.php?rest_route=%2Fwp%2Fv2%2Fmedia&parent=194"}],"curies":[{"name":"wp","href":"https:\/\/api.w.org\/{rel}","templated":true}]}}