{"id":130,"date":"2018-11-13T20:27:29","date_gmt":"2018-11-13T19:27:29","guid":{"rendered":"http:\/\/atheneejwx.cluster021.hosting.ovh.net\/?page_id=130"},"modified":"2018-12-20T21:35:39","modified_gmt":"2018-12-20T20:35:39","slug":"ecole-des-devoirs","status":"publish","type":"page","link":"https:\/\/atheneejulesbara.be\/?page_id=130","title":{"rendered":"\u00c9cole des devoirs"},"content":{"rendered":"<div  data-label=\"About\" data-id=\"about--1\" data-export-id=\"about-1\" data-category=\"about\" class=\"about-1 content-section content-relative\" id=\"about-1\" style=\"background-color: rgb(255, 255, 255);\"><div  class=\"gridContainer\"> <div  class=\"row text-center\"><div  class=\"section-title-col\" data-type=\"column\"> <h5  class=\"\">L\u2019ARJ-Bara fait partie des \u00e9coles qui organisent des cours dans le cadres de:<\/h5> <h2  class=\"\">L\u2019\u00e9cole des devoirs<\/h2> <p  class=\"lead\" style=\"text-align: justify;\">Les \u00e9coles de devoirs en Communaut\u00e9 fran\u00e7aise<br >\nLes \u00e9coles de devoirs sont des structures d\u2019accueil des enfants et de jeunes de 6 \u00e0 18 ans qui d\u00e9veloppent, en dehors des heures scolaires, un travail p\u00e9dagogique, \u00e9ducatif et culturel de soutien et d\u2019accompagnement \u00e0 la scolarit\u00e9 et \u00e0 la formation citoyenne.<br >\nElles remplissent ainsi une mission d\u2019ordre \u00e0 la fois social, culturel et \u00e9ducatif, aupr\u00e8s des enfants.<br >\nPour en savoir plus, consultez le site de <a data-mce-href=\"http:\/\/www.one.be\/\" href=\"http:\/\/www.one.be\/\" target=\"_self\" data-mce-selected=\"inline-boundary\"  data-cp-link=\"1\">http:\/\/www.one.be\/<\/a>.<br ><\/p><\/div> <\/div> <div  class=\"row\"> <div  class=\"button-holder space-bottom space-bottom-small\" data-type=\"column\"> <\/div> <div  class=\"col-xs bottom-xs flexbox image-group-bottom-3-img space-bottom-xs center-xs\"> <img decoding=\"async\"  class=\"left-img shadow-large-black\" data-size=\"500x300\" src=\"https:\/\/atheneejulesbara.be\/wp-content\/uploads\/2018\/12\/cropped-DSC04593.jpg\" alt=\"\" title=\"cropped-DSC04593.jpg\"> <img decoding=\"async\"  class=\"center-img shadow-large-black\" data-size=\"500x300\" src=\"https:\/\/atheneejulesbara.be\/wp-content\/uploads\/2018\/12\/cropped-DSC_0466.jpg\" alt=\"\" title=\"cropped-DSC_0466.jpg\"> <img decoding=\"async\"  class=\"right-img shadow-large-black\" data-size=\"500x300\" src=\"https:\/\/atheneejulesbara.be\/wp-content\/uploads\/2018\/12\/cropped-image-2-2.jpg\" alt=\"\" title=\"cropped-image-2-2.jpg\"><\/div> <\/div><\/div> <div  class=\"section-separator-bottom\">\n    <svg  xmlns=\"http:\/\/www.w3.org\/2000\/svg\" viewBox=\"0 0 2600 131.1\" preserveAspectRatio=\"none\" data-separator-name=\"opacity-tilt\" class=\"section-separator-bottom\">\n\t<path  class=\"svg-white-bg\" d=\"M0 0L2600 0 2600 69.1 0 0z\"><\/path>\n\t<path  class=\"svg-white-bg\" style=\"opacity: 0.5;\" d=\"M0 0L2600 0 2600 69.1 0 69.1z\"><\/path>\n\t<path  class=\"svg-white-bg\" style=\"opacity: 0.25;\" d=\"M2600 0L0 0 0 130.1 2600 69.1z\"><\/path>\n<\/svg>\n<\/div><\/div>","protected":false},"excerpt":{"rendered":"<p>L\u2019ARJ-Bara fait partie des \u00e9coles qui organisent des cours dans le cadres de: L\u2019\u00e9cole des devoirs Les \u00e9coles de devoirs en Communaut\u00e9 fran\u00e7aise Les \u00e9coles de devoirs sont des structures d\u2019accueil des enfants et de jeunes de 6 \u00e0 18 ans qui d\u00e9veloppent, en dehors des heures scolaires, un travail p\u00e9dagogique, \u00e9ducatif et culturel de&hellip; <br \/> <a class=\"read-more\" href=\"https:\/\/atheneejulesbara.be\/?page_id=130\">Lire la suite<\/a><\/p>\n","protected":false},"author":1,"featured_media":0,"parent":0,"menu_order":0,"comment_status":"closed","ping_status":"closed","template":"pro\/page-templates\/full-width-page.php","meta":{"footnotes":""},"_links":{"self":[{"href":"https:\/\/atheneejulesbara.be\/index.php?rest_route=\/wp\/v2\/pages\/130"}],"collection":[{"href":"https:\/\/atheneejulesbara.be\/index.php?rest_route=\/wp\/v2\/pages"}],"about":[{"href":"https:\/\/atheneejulesbara.be\/index.php?rest_route=\/wp\/v2\/types\/page"}],"author":[{"embeddable":true,"href":"https:\/\/atheneejulesbara.be\/index.php?rest_route=\/wp\/v2\/users\/1"}],"replies":[{"embeddable":true,"href":"https:\/\/atheneejulesbara.be\/index.php?rest_route=%2Fwp%2Fv2%2Fcomments&post=130"}],"version-history":[{"count":5,"href":"https:\/\/atheneejulesbara.be\/index.php?rest_route=\/wp\/v2\/pages\/130\/revisions"}],"predecessor-version":[{"id":766,"href":"https:\/\/atheneejulesbara.be\/index.php?rest_route=\/wp\/v2\/pages\/130\/revisions\/766"}],"wp:attachment":[{"href":"https:\/\/atheneejulesbara.be\/index.php?rest_route=%2Fwp%2Fv2%2Fmedia&parent=130"}],"curies":[{"name":"wp","href":"https:\/\/api.w.org\/{rel}","templated":true}]}}