{"id":13,"date":"2018-11-08T19:18:21","date_gmt":"2018-11-08T18:18:21","guid":{"rendered":"http:\/\/atheneejwx.cluster021.hosting.ovh.net\/index.php\/mesmerize\/"},"modified":"2026-04-13T18:05:06","modified_gmt":"2026-04-13T16:05:06","slug":"mesmerize","status":"publish","type":"page","link":"https:\/\/atheneejulesbara.be\/","title":{"rendered":"Accueil"},"content":{"rendered":"<figure><\/figure>\n<h2 style=\"text-align: center;\">\u00a0 \u00a0 Bienvenue \u00e0 l\u2019Ath\u00e9n\u00e9e Royal Jules Bara<\/h2>\n<h3 style=\"text-align: center;\">Des classes pourvues de mat\u00e9riel moderne,\ndes approches p\u00e9dagogiques ludiques et diversifi\u00e9es, et un suivi personnalis\u00e9, tout en encourageant le d\u00e9veloppement de l\u2019autonomie.<\/h3>\n<h2 style=\"text-align: center;\"><strong>TOURNOI D&rsquo;ELOQUENCE 03\/04\/2026<\/strong><\/h2>\n<a href=\"https:\/\/www.notele.be\/it61-media164359-tournai-finale-du-concours-d-eloquence-de-l-athenee-royal-jules-bara.html\"><img fetchpriority=\"high\" decoding=\"async\" class=\"size-full wp-image-5772 aligncenter\" src=\"https:\/\/atheneejulesbara.be\/wp-content\/uploads\/2026\/04\/eloquence.jpeg\" alt=\"\" width=\"864\" height=\"486\" srcset=\"https:\/\/atheneejulesbara.be\/wp-content\/uploads\/2026\/04\/eloquence.jpeg 864w, https:\/\/atheneejulesbara.be\/wp-content\/uploads\/2026\/04\/eloquence-300x169.jpeg 300w, https:\/\/atheneejulesbara.be\/wp-content\/uploads\/2026\/04\/eloquence-768x432.jpeg 768w\" sizes=\"(max-width: 864px) 100vw, 864px\" \/><\/a>\n<h5 style=\"text-align: center;\"><a href=\"https:\/\/www.notele.be\/it61-media164359-tournai-finale-du-concours-d-eloquence-de-l-athenee-royal-jules-bara.html\">VIDEO<\/a><\/h5>\n<div class=\"wp-block-buttons is-content-justification-center is-layout-flex wp-container-core-buttons-layout-1 wp-block-buttons-is-layout-flex\"><\/div>","protected":false},"excerpt":{"rendered":"<p>\u00a0 \u00a0 Bienvenue \u00e0 l\u2019Ath\u00e9n\u00e9e Royal Jules Bara Des classes pourvues de mat\u00e9riel moderne, des approches p\u00e9dagogiques ludiques et diversifi\u00e9es, et un suivi personnalis\u00e9, tout en encourageant le d\u00e9veloppement de l\u2019autonomie. TOURNOI D&rsquo;ELOQUENCE 03\/04\/2026 VIDEO<\/p>\n","protected":false},"author":1,"featured_media":0,"parent":0,"menu_order":0,"comment_status":"closed","ping_status":"closed","template":"","meta":{"footnotes":""},"_links":{"self":[{"href":"https:\/\/atheneejulesbara.be\/index.php?rest_route=\/wp\/v2\/pages\/13"}],"collection":[{"href":"https:\/\/atheneejulesbara.be\/index.php?rest_route=\/wp\/v2\/pages"}],"about":[{"href":"https:\/\/atheneejulesbara.be\/index.php?rest_route=\/wp\/v2\/types\/page"}],"author":[{"embeddable":true,"href":"https:\/\/atheneejulesbara.be\/index.php?rest_route=\/wp\/v2\/users\/1"}],"replies":[{"embeddable":true,"href":"https:\/\/atheneejulesbara.be\/index.php?rest_route=%2Fwp%2Fv2%2Fcomments&post=13"}],"version-history":[{"count":446,"href":"https:\/\/atheneejulesbara.be\/index.php?rest_route=\/wp\/v2\/pages\/13\/revisions"}],"predecessor-version":[{"id":5779,"href":"https:\/\/atheneejulesbara.be\/index.php?rest_route=\/wp\/v2\/pages\/13\/revisions\/5779"}],"wp:attachment":[{"href":"https:\/\/atheneejulesbara.be\/index.php?rest_route=%2Fwp%2Fv2%2Fmedia&parent=13"}],"curies":[{"name":"wp","href":"https:\/\/api.w.org\/{rel}","templated":true}]}}