{"id":112,"date":"2018-11-13T20:20:16","date_gmt":"2018-11-13T19:20:16","guid":{"rendered":"http:\/\/atheneejwx.cluster021.hosting.ovh.net\/?page_id=112"},"modified":"2021-10-18T14:46:09","modified_gmt":"2021-10-18T12:46:09","slug":"jules-bara-lhomme","status":"publish","type":"page","link":"https:\/\/atheneejulesbara.be\/?page_id=112","title":{"rendered":"Bara&#8230; L&rsquo;homme"},"content":{"rendered":"<div data-label=\"Content\" data-id=\"content--2\" data-export-id=\"content-12\" data-category=\"content\" class=\"content-12 content-section content-section-spacing\" id=\"content-2\"  style=\"background-color: rgb(255, 255, 255); background-image: none; background-size: cover; background-position: center top;\"><div class=\"gridContainer\" > <div class=\"row text-center\" ><div class=\"section-title-col\" data-type=\"column\" >  <p class=\"lead\"  style=\"text-align: justify;\">Depuis 1980, l\u2019Ath\u00e9n\u00e9e est plac\u00e9 sous les auspices de Jules BARA: il importe de s\u2019interroger sur la personnalit\u00e9 et l\u2019oeuvre de Jules BARA, sur ses rapports entre l\u2019Ath\u00e9n\u00e9e et sur les raisons qui ont conduit \u00e0 choisir son patronage. Cette figure de proue du lib\u00e9ralisme belge est n\u00e9e \u00e0 Tournai, le 23 ao\u00fbt 1835; son p\u00e8re est m\u00e9decin mais la famille est nombreuse et ne vit pas dans l\u2019opulence. Apr\u00e8s des \u00e9tudes secondaires \u00e0 l\u2019Ath\u00e9n\u00e9e, il s\u2019inscrit \u00e0 l\u2019U.L.B. o\u00f9 il obtient en 1857 le dipl\u00f4me de docteur en droit et en 1859 le titre de docteur agr\u00e9g\u00e9 apr\u00e8s avoir d\u00e9fendu une th\u00e8se sur \u00ab les rapports de l\u2019Etat et des religions au point de vue constitutionnel \u00bb. L\u2019ann\u00e9e suivante, il est professeur \u00e0 l\u2019U.L.B. et occupe une place notable au Barreau de Bruxelles. Les lib\u00e9raux tournaisiens le remarquent et font de lui leur candidat aux \u00e9lections l\u00e9gislatives de 1862. A 27 ans, Jules BARA est d\u00e9put\u00e9 et le restera jusqu\u2019en 1894, date \u00e0 laquelle il deviendra s\u00e9nateur. Il fut, deux fois, Ministre de la Justice (de 1865 \u00e0 1870 et de 1878 \u00e0 1884) et L\u00e9opold II l\u2019honora du titre de Ministre d\u2019Etat en 1884. Jusqu\u2019\u00e0 sa mort, en 1900, il fut un \u00ab t\u00e9nor \u00bb du Barreau de Bruxelles.<br >\nSes combats furent sous-tendus par une id\u00e9e-force : assurer l\u2019ind\u00e9pendance de l\u2019Etat et du pouvoir civil vis-\u00e0-vis des Eglises et plus particuli\u00e8rement de l\u2019Eglise catholique. L\u2019Ecole fut, dans ce combat, un des enjeux majeurs. Avec ses amis, les lib\u00e9raux doctrinaires, Jules BARA d\u00e9fendit l\u2019\u00e9cole la\u00efque. Mais il batailla aussi pour assurer aux non-croyants une s\u00e9pulture digne et chercha \u00e0 r\u00e9duire la position mat\u00e9rielle de l\u2019Eglise. On imagine ais\u00e9ment que les catholiques ne lui pardonnaient pas ses initiatives : la presse de l\u2019\u00e9poque refl\u00e8te la virulence des luttes politiques qui secouaient le pays.<br >\nL\u2019attitude de BARA vis-\u00e0-vis de la question sociale peut sembler contradictoire : d\u2019une part il combattit avec constance pour abolir l\u2019article 1871 du code civil qu\u2019il jugeait humiliant pour les ouvriers; d\u2019autre part, il s\u2019opposa au suffrage universel. L\u2019instauration de celui-ci, en 1894, m\u00eame si elle fut assortie du vote plural, lui fit perdre son si\u00e8ge de d\u00e9put\u00e9.<br >\nL\u2019Ath\u00e9n\u00e9e o\u00f9 il fit ses \u00e9tudes secondaires envoya une d\u00e9l\u00e9gation \u00e0 ses obs\u00e8ques en 1900 : Monsieur Le Baron de Jamblines y prit la parole au nom de l\u2019Union des Anciens El\u00e8ves de l\u2019Ath\u00e9n\u00e9e.<br >\nEn 1980, le Ministre de l\u2019Education, L.MICHEL, demanda aux \u00e9coles de choisir le nom d\u2019une personnalit\u00e9 \u00e9minente qui personnifierait chacune d\u2019elles. A l\u2019\u00e9poque, le professeur L.POLOME faisait fonction de Pr\u00e9fet; il ne voulut pas prendre une d\u00e9cision si importante et consulta ses coll\u00e8gues, Messieurs DE SCHEPPER et ANTOINE; il proposa 2 anciens \u00e9l\u00e8ves c\u00e9l\u00e8bres: le peintre Louis GALLAIT et l\u2019homme politique Jules BARA. C\u2019est ce dernier qui fut pr\u00e9f\u00e9r\u00e9 et la proposition fut accept\u00e9e par le Ministre.<br >\nLe nom d\u2019un anticl\u00e9rical farouche accord\u00e9 \u00e0 un ancien noviciat des J\u00e9suites ne manque pas de piquant\u2026<\/p><\/div> <\/div> <div class=\"row center-xs middle-xs\" > <div class=\"col-sm-9\" data-type=\"column\" > <img decoding=\"async\" class=\"shadow-large\" src=\"https:\/\/atheneejulesbara.be\/wp-content\/uploads\/2018\/12\/Jules_Bara.png\"  alt=\"\" title=\"Jules_Bara\"><\/div> <\/div><\/div> <\/div>","protected":false},"excerpt":{"rendered":"<p>Depuis 1980, l\u2019Ath\u00e9n\u00e9e est plac\u00e9 sous les auspices de Jules BARA: il importe de s\u2019interroger sur la personnalit\u00e9 et l\u2019oeuvre de Jules BARA, sur ses rapports entre l\u2019Ath\u00e9n\u00e9e et sur les raisons qui ont conduit \u00e0 choisir son patronage. Cette figure de proue du lib\u00e9ralisme belge est n\u00e9e \u00e0 Tournai, le 23 ao\u00fbt 1835; son&hellip; <br \/> <a class=\"read-more\" href=\"https:\/\/atheneejulesbara.be\/?page_id=112\">Lire la suite<\/a><\/p>\n","protected":false},"author":1,"featured_media":0,"parent":0,"menu_order":0,"comment_status":"closed","ping_status":"closed","template":"pro\/page-templates\/full-width-page.php","meta":{"footnotes":""},"_links":{"self":[{"href":"https:\/\/atheneejulesbara.be\/index.php?rest_route=\/wp\/v2\/pages\/112"}],"collection":[{"href":"https:\/\/atheneejulesbara.be\/index.php?rest_route=\/wp\/v2\/pages"}],"about":[{"href":"https:\/\/atheneejulesbara.be\/index.php?rest_route=\/wp\/v2\/types\/page"}],"author":[{"embeddable":true,"href":"https:\/\/atheneejulesbara.be\/index.php?rest_route=\/wp\/v2\/users\/1"}],"replies":[{"embeddable":true,"href":"https:\/\/atheneejulesbara.be\/index.php?rest_route=%2Fwp%2Fv2%2Fcomments&post=112"}],"version-history":[{"count":12,"href":"https:\/\/atheneejulesbara.be\/index.php?rest_route=\/wp\/v2\/pages\/112\/revisions"}],"predecessor-version":[{"id":3503,"href":"https:\/\/atheneejulesbara.be\/index.php?rest_route=\/wp\/v2\/pages\/112\/revisions\/3503"}],"wp:attachment":[{"href":"https:\/\/atheneejulesbara.be\/index.php?rest_route=%2Fwp%2Fv2%2Fmedia&parent=112"}],"curies":[{"name":"wp","href":"https:\/\/api.w.org\/{rel}","templated":true}]}}